{"id":1878,"date":"2023-03-31T16:39:22","date_gmt":"2023-03-31T16:39:22","guid":{"rendered":"https:\/\/www.wookismart.com\/politica-de-privacidad\/"},"modified":"2023-10-22T13:43:02","modified_gmt":"2023-10-22T13:43:02","slug":"politica-de-privacidad","status":"publish","type":"page","link":"https:\/\/www.wookismart.com\/es\/politica-de-privacidad\/","title":{"rendered":"Pol\u00edtica de privacidad"},"content":{"rendered":"<p>[et_pb_section fb_built=\u00bb1&#8243; admin_label=\u00bbsection\u00bb _builder_version=\u00bb4.16&#8243; global_colors_info=\u00bb{}\u00bb][et_pb_row admin_label=\u00bbfila\u00bb _builder_version=\u00bb4.16&#8243; background_size=\u00bbinitial\u00bb background_position=\u00bbtop_left\u00bb background_repeat=\u00bbrepeat\u00bb global_colors_info=\u00bb{}\u00bb][et_pb_column type=\u00bb4_4&#8243; _builder_version=\u00bb4.16&#8243; custom_padding=\u00bb|||\u00bb global_colors_info=\u00bb{}\u00bb custom_padding__hover=\u00bb|||\u00bb][et_pb_text admin_label=\u00bbText\u00bb _builder_version=\u00bb4.22.1&#8243; background_size=\u00bbinitial\u00bb background_position=\u00bbtop_left\u00bb background_repeat=\u00bbrepeat\u00bb custom_margin_tablet=\u00bb\u00bb custom_margin_phone=\u00bb\u00bb custom_margin_last_edited=\u00bbon|phone\u00bb custom_padding=\u00bb47px|||||\u00bb custom_padding_tablet=\u00bb47px|||||\u00bb custom_padding_phone=\u00bb39px||0px||false|false\u00bb custom_padding_last_edited=\u00bbon|phone\u00bb hover_enabled=\u00bb0&#8243; global_colors_info=\u00bb{}\u00bb sticky_enabled=\u00bb0&#8243;]<\/p>\n<p>\n\n<h1 class=\"page-title wp-block-heading\"><strong>Pol\u00edtica de privacidad<\/strong><\/h1>\n<p><main id=\"main\"><\/main><\/p>\n<section id=\"main-content\" class=\"section\"><div class=\"container\">\n<p><strong>ARTICLE 1 : PR\u00c9AMBULE\u00a0<\/strong><\/p>\n<p><span>Cette politique de confidentialit\u00e9 s\u2019applique au site : <a href=\"http:\/\/www.wookismart.com\">www.wookismart.com<\/a><\/span><a href=\"http:\/\/www.wooki-kiosk.com\/\" target=\"_blank\" rel=\"noopener\"><span><\/span><\/a><span>.<\/span><\/p>\n<p><span>La pr\u00e9sente politique de confidentialit\u00e9 a pour but d\u2019exposer aux utilisateurs du site :<\/span><\/p>\n<ul><li aria-level=\"1\"><span>La mani\u00e8re dont sont collect\u00e9es leurs donn\u00e9es \u00e0 caract\u00e8re personnel. Il s\u2019agit notamment du pr\u00e9nom et du nom, de l\u2019\u00e2ge, de l\u2019adresse postale, l\u2019adresse mail, la localisation de l\u2019utilisateur.\u00a0<\/span><\/li>\n<li aria-level=\"1\"><span>Quels sont les droits des utilisateurs concernant ces donn\u00e9es<\/span><\/li>\n<li aria-level=\"1\"><span>A qui ces donn\u00e9es sont transmises\u00a0<\/span><\/li>\n<\/ul><p><span>Cette politique de confidentialit\u00e9 compl\u00e8te les mentions l\u00e9gales et les Conditions G\u00e9n\u00e9rales d\u2019Utilisation que les utilisateurs peuvent consulter.<\/span><\/p>\n<p>\u00a0<\/p>\n<p><strong>ARTICLE 2 : PRINCIPES GENERAUX EN MATIERE DE COLLECTE DE TRAITEMENT DE DONN\u00c9ES\u00a0<\/strong><\/p>\n<p><span>Conform\u00e9ment aux dispositions de l\u2019article 5 du R\u00e8glement europ\u00e9en 2016\/679, la collecte et le traitement des donn\u00e9es des utilisateurs du site respectent les principes suivants :<\/span><\/p>\n<ul><li aria-level=\"1\"><span>Lic\u00e9it\u00e9, loyaut\u00e9 et transparence : les donn\u00e9es ne peuvent \u00eatre collect\u00e9es et trait\u00e9es qu\u2019avec le consentement de l\u2019utilisateur propri\u00e9taire des donn\u00e9es.<\/span><\/li>\n<li aria-level=\"1\"><span>Finalit\u00e9s limit\u00e9es : la collecte et le traitement des donn\u00e9es sont ex\u00e9cut\u00e9s pour r\u00e9pondre \u00e0 un ou plusieurs objectifs d\u00e9termin\u00e9s dans les pr\u00e9sentes conditions g\u00e9n\u00e9rales d\u2019utilisation.<\/span><\/li>\n<li aria-level=\"1\"><span>Int\u00e9grit\u00e9 et confidentialit\u00e9 des donn\u00e9es collect\u00e9es et trait\u00e9es : le responsable du traitement des donn\u00e9es s\u2019engage \u00e0 garantir l\u2019int\u00e9grit\u00e9 et la confidentialit\u00e9 des donn\u00e9es collect\u00e9es.\u00a0<\/span><\/li>\n<\/ul><p>\u00a0<\/p>\n<p><strong>ARTICLE 3 : RESPONSABLE DU TRAITEMENT DES DONN\u00c9ES\u00a0<\/strong><i><\/i><\/p>\n<ul><li aria-level=\"1\"><i><span>LE RESPONSABLE DU TRAITEMENT DES DONN\u00c9ES\u00a0<\/span><\/i><\/li>\n<\/ul><p><span>Le responsable du traitement des donn\u00e9es \u00e0 caract\u00e8re personnel : Florent GRANDRIE. Il peut \u00eatre contact\u00e9 de la mani\u00e8re suivante :<\/span><\/p>\n<p><b>contact@wookismart.com\u00a0<\/b><\/p>\n<p><span>Le responsable du traitement des donn\u00e9es est charg\u00e9 de d\u00e9terminer les finalit\u00e9s et les moyens mis au service du traitement des donn\u00e9es \u00e0 caract\u00e8re personnel.<\/span><\/p>\n<ol><li aria-level=\"1\"><span>OBLIGATION DU RESPONSABLE DU TRAITEMENT DES DONN\u00c9ES<\/span><\/li>\n<\/ol><p><span>Le responsable du traitement s\u2019engage \u00e0 prot\u00e9ger les donn\u00e9es \u00e0 caract\u00e8re personnel collect\u00e9es, \u00e0 ne pas les transmettre \u00e0 des tiers sans que l\u2019utilisateur n\u2019en ait \u00e9t\u00e9 inform\u00e9 et \u00e0 respecter les finalit\u00e9s pour lesquelles ces donn\u00e9es ont \u00e9t\u00e9 collect\u00e9es.\u00a0<\/span><\/p>\n<p><span>Dans le cas o\u00f9 l\u2019int\u00e9grit\u00e9, la confidentialit\u00e9 ou la s\u00e9curit\u00e9 des donn\u00e9es \u00e0 caract\u00e8re personnel de l\u2019utilisateur est compromise, le responsable du traitement s\u2019engage \u00e0 informer l\u2019utilisateur par tout moyen.<\/span><\/p>\n<p>\u00a0<\/p>\n<p><strong>ARTICLE 4 : DROITS DE L\u2019UTILISATEUR<\/strong><\/p>\n<p><span>Conform\u00e9ment \u00e0 la r\u00e9glementation concernant le traitement des donn\u00e9es \u00e0 caract\u00e8re personnel, l\u2019utilisateur poss\u00e8de les droits ci-apr\u00e8s \u00e9num\u00e9r\u00e9s.<\/span><\/p>\n<p><span>Afin que le responsable du traitement des donn\u00e9es fasse droit \u00e0 sa demande, l\u2019utilisateur est tenu de lui communiquer : ses pr\u00e9nom et nom ainsi que son adresse mail et si cela est pertinent, son num\u00e9ro de compte ou d\u2019espace personnel ou d\u2019abonn\u00e9.<\/span><\/p>\n<p><span>Le responsable du traitement des donn\u00e9es est tenu de r\u00e9pondre \u00e0 l\u2019utilisateur dans un d\u00e9lai de 30 jours maximum.<\/span><\/p>\n<p><i><span>PR\u00c9SENTATION DES DROITS DE L\u2019UTILISATEUR EN MATI\u00c8RE DE COLLECTE ET TRAITEMENT DE DONN\u00c9ES<\/span><\/i><\/p>\n<ul><li aria-level=\"1\"><span>Droit d\u2019acc\u00e8s, de rectification et droit \u00e0 l\u2019effacement<\/span><\/li>\n<\/ul><p><span>L\u2019utilisateur peut prendre connaissance, mettre \u00e0 jour, modifier ou demander la suppression des donn\u00e9es le concernant.\u00a0\u00a0<\/span><\/p>\n<ul><li aria-level=\"1\"><span>Droit \u00e0 la portabilit\u00e9 des donn\u00e9es<\/span><\/li>\n<\/ul><p><span>L\u2019utilisateur a le droit de demander la portabilit\u00e9 de ses donn\u00e9es personnelles, d\u00e9tenues par le site, vers un autre site.<\/span><\/p>\n<ul><li aria-level=\"1\"><span>Droit \u00e0 la limitation et l\u2019opposition du traitement des donn\u00e9es<\/span><\/li>\n<\/ul><p><span>L\u2019utilisateur a le droit de demander la limitation ou de s\u2019opposer au traitement de ses donn\u00e9es par le site, sans que le site ne puisse refuser, sauf \u00e0 d\u00e9montrer l\u2019existence de motifs l\u00e9gitimes et imp\u00e9rieux, pouvant pr\u00e9valoir sur les int\u00e9r\u00eats et les droits et libert\u00e9s de l\u2019utilisateur.<\/span><\/p>\n<ul><li aria-level=\"1\"><span>Droit de d\u00e9terminer le sort des donn\u00e9es apr\u00e8s la mort<\/span><\/li>\n<\/ul><p><span>Il est rappel\u00e9 \u00e0 l\u2019utilisateur qu\u2019il peut organiser quel doit \u00eatre le devenir de ses donn\u00e9es collect\u00e9es et trait\u00e9es s\u2019il d\u00e9c\u00e8de, conform\u00e9ment \u00e0 la loi n\u00b02016-1321 du 7 octobre 2016.<\/span><\/p>\n<ul><li aria-level=\"1\"><span>Droit de saisir l\u2019autorit\u00e9 de contr\u00f4le comp\u00e9tente<\/span><\/li>\n<\/ul><p><span>Dans le cas o\u00f9 le responsable du traitement des donn\u00e9es d\u00e9cide de ne pas r\u00e9pondre \u00e0 la demande de l\u2019utilisateur, et que l\u2019utilisateur souhaite contester cette d\u00e9cision, ou, s\u2019il pense qu\u2019il est port\u00e9 atteinte \u00e0 l\u2019un des droits \u00e9num\u00e9r\u00e9s ci-dessus, il est en droit de saisir la CNIL (Commission Nationale de l\u2019Informatique et des Libert\u00e9s,\u00a0<\/span><a href=\"https:\/\/www.cnil.fr\/\" target=\"_blank\" rel=\"noopener\"><span>https:\/\/www.cnil.fr<\/span><\/a><span>) ou tout juge comp\u00e9tent.\u00a0<\/span><\/p>\n<\/div>\n<\/section><p>\u00a0<\/p>\n<p>\u00a0<\/p>\n<p>\u00a0<\/p>\n<p>\u00a0<\/p>\n<p>\u00a0<\/p>\n<p>\u00a0<\/p>\n<footer id=\"footer\"><div class=\"container\">\n<div class=\"footer-body row align-items-start justify-content-between pt-4\">\n<div class=\"footer-block-logo\"><\/div>\n<\/div>\n<\/div>\n<\/footer><p><\/p><\/p>\n<p>[\/et_pb_text][\/et_pb_column][\/et_pb_row][\/et_pb_section]<\/p>\n","protected":false},"excerpt":{"rendered":"<p>Pol\u00edtica de privacidad ARTICLE 1 : PR\u00c9AMBULE\u00a0 Cette politique de confidentialit\u00e9 s\u2019applique au site : www.wookismart.com. La pr\u00e9sente politique de confidentialit\u00e9 a pour but d\u2019exposer aux utilisateurs du site : La mani\u00e8re dont sont collect\u00e9es leurs donn\u00e9es \u00e0 caract\u00e8re personnel. Il s\u2019agit notamment du pr\u00e9nom et du nom, de l\u2019\u00e2ge, de l\u2019adresse postale, l\u2019adresse mail, [&hellip;]<\/p>\n","protected":false},"author":1,"featured_media":0,"parent":0,"menu_order":0,"comment_status":"closed","ping_status":"closed","template":"","meta":{"_et_pb_use_builder":"on","_et_pb_old_content":"","_et_gb_content_width":"","footnotes":""},"class_list":["post-1878","page","type-page","status-publish","hentry"],"_links":{"self":[{"href":"https:\/\/www.wookismart.com\/es\/wp-json\/wp\/v2\/pages\/1878","targetHints":{"allow":["GET"]}}],"collection":[{"href":"https:\/\/www.wookismart.com\/es\/wp-json\/wp\/v2\/pages"}],"about":[{"href":"https:\/\/www.wookismart.com\/es\/wp-json\/wp\/v2\/types\/page"}],"author":[{"embeddable":true,"href":"https:\/\/www.wookismart.com\/es\/wp-json\/wp\/v2\/users\/1"}],"replies":[{"embeddable":true,"href":"https:\/\/www.wookismart.com\/es\/wp-json\/wp\/v2\/comments?post=1878"}],"version-history":[{"count":14,"href":"https:\/\/www.wookismart.com\/es\/wp-json\/wp\/v2\/pages\/1878\/revisions"}],"predecessor-version":[{"id":1908,"href":"https:\/\/www.wookismart.com\/es\/wp-json\/wp\/v2\/pages\/1878\/revisions\/1908"}],"wp:attachment":[{"href":"https:\/\/www.wookismart.com\/es\/wp-json\/wp\/v2\/media?parent=1878"}],"curies":[{"name":"wp","href":"https:\/\/api.w.org\/{rel}","templated":true}]}}